{"id":2434,"date":"2022-05-05T09:42:12","date_gmt":"2022-05-05T07:42:12","guid":{"rendered":"https:\/\/www.digedags-entertainment.com\/projekte\/penny-pepper\/"},"modified":"2025-06-25T16:18:33","modified_gmt":"2025-06-25T14:18:33","slug":"astro-blob","status":"publish","type":"page","link":"https:\/\/www.digedags-entertainment.com\/de\/projekte\/astro-blob\/","title":{"rendered":"Astro &amp; Blob"},"content":{"rendered":"<p>[et_pb_section fb_built=&#8221;1&#8243; _builder_version=&#8221;4.18.0&#8243; _module_preset=&#8221;default&#8221; background_color=&#8221;#FFFFFF&#8221; custom_padding=&#8221;0px||0px||true|false&#8221; locked=&#8221;off&#8221; global_colors_info=&#8221;{}&#8221;][et_pb_row _builder_version=&#8221;4.17.3&#8243; _module_preset=&#8221;default&#8221; custom_padding=&#8221;0px||0px||true|false&#8221; global_colors_info=&#8221;{}&#8221;][et_pb_column type=&#8221;4_4&#8243; _builder_version=&#8221;4.17.3&#8243; _module_preset=&#8221;default&#8221; global_colors_info=&#8221;{}&#8221;][et_pb_image src=&#8221;http:\/\/www.digedags-entertainment.com\/wp-content\/uploads\/2023\/09\/AstroBlob.jpg&#8221; title_text=&#8221;Astro&amp;Blob&#8221; _builder_version=&#8221;4.18.0&#8243; _module_preset=&#8221;default&#8221; global_colors_info=&#8221;{}&#8221;][\/et_pb_image][\/et_pb_column][\/et_pb_row][\/et_pb_section][et_pb_section fb_built=&#8221;1&#8243; _builder_version=&#8221;4.18.0&#8243; background_color=&#8221;#FFFFFF&#8221; custom_padding=&#8221;50px||50px||true|false&#8221; global_colors_info=&#8221;{}&#8221;][et_pb_row _builder_version=&#8221;4.17.3&#8243; background_size=&#8221;initial&#8221; background_position=&#8221;top_left&#8221; background_repeat=&#8221;repeat&#8221; custom_padding=&#8221;||0px|||&#8221; global_colors_info=&#8221;{}&#8221;][et_pb_column type=&#8221;4_4&#8243; _builder_version=&#8221;4.16&#8243; custom_padding=&#8221;|||&#8221; global_colors_info=&#8221;{}&#8221; custom_padding__hover=&#8221;|||&#8221;][et_pb_text admin_label=&#8221;Astro Blob&#8221; _builder_version=&#8221;4.18.0&#8243; background_size=&#8221;initial&#8221; background_position=&#8221;top_left&#8221; background_repeat=&#8221;repeat&#8221; custom_margin=&#8221;||22px|||&#8221; custom_margin_tablet=&#8221;&#8221; custom_margin_phone=&#8221;||||false|false&#8221; custom_margin_last_edited=&#8221;on|phone&#8221; global_colors_info=&#8221;{}&#8221;]<\/p>\n<h2><u>ASTRO &amp; BLOB &#8211; HOME ON THE MOON<br \/><\/u><\/h2>\n<p>[\/et_pb_text][\/et_pb_column][\/et_pb_row][et_pb_row column_structure=&#8221;1_2,1_2&#8243; use_custom_gutter=&#8221;on&#8221; gutter_width=&#8221;2&#8243; make_equal=&#8221;on&#8221; _builder_version=&#8221;4.16&#8243; background_size=&#8221;initial&#8221; background_position=&#8221;top_left&#8221; background_repeat=&#8221;repeat&#8221; custom_padding=&#8221;0px|||||&#8221; global_colors_info=&#8221;{}&#8221;][et_pb_column type=&#8221;1_2&#8243; _builder_version=&#8221;4.16&#8243; custom_padding=&#8221;|||&#8221; global_colors_info=&#8221;{}&#8221; custom_padding__hover=&#8221;|||&#8221;][et_pb_text _builder_version=&#8221;4.22.1&#8243; background_size=&#8221;initial&#8221; background_position=&#8221;top_left&#8221; background_repeat=&#8221;repeat&#8221; global_colors_info=&#8221;{}&#8221;]<\/p>\n<p>Astronaut Astro ist ein echter Wissenschaftler: Er macht alles nach Plan, mit Struktur und gut durchdacht. Doch als er seine Basis im Shackleton Krater auf dem Mond errichtet, ahnt er nicht, dass hier schon jemand wohnt.<\/p>\n<p>Blob, ein au\u00dferirdischer, pinker Wackelpudding, der seinen K\u00f6rper in alle m\u00f6glichen Formen bringen kann. Chaotisch und wissbegierig betatscht, stibitzt und imitiert Bob alles, was Astro so hat. Vor allem dessen kleine Hilfsroboter liebt Blob \u00fcber alles und jagt ihnen nach. So bringt er Astros Alltag auf dem Mond geh\u00f6rig durcheinander!<\/p>\n<p>[\/et_pb_text][\/et_pb_column][et_pb_column type=&#8221;1_2&#8243; _builder_version=&#8221;4.16&#8243; custom_padding=&#8221;|||&#8221; global_colors_info=&#8221;{}&#8221; custom_padding__hover=&#8221;|||&#8221;][et_pb_text _builder_version=&#8221;4.22.1&#8243; background_size=&#8221;initial&#8221; background_position=&#8221;top_left&#8221; background_repeat=&#8221;repeat&#8221; global_colors_info=&#8221;{}&#8221;]<\/p>\n<div><span lang=\"EN-US\">Gemeinsam erleben die beiden Geschichten von Ich und Du, Meins und Deins, Grenzen und Grenzenlosigkeit, gemeinsamer Neugier und der Erkenntnis, dass man zu zweit meist mehr erreicht als allein. Der nebenbei vermittelte Stand von Forschung und Technik hat sogar Hand und Fu\u00df!<br \/><\/span><\/div>\n<div> <\/div>\n<div><span lang=\"EN-US\">2025 werden nach \u00fcber 50 Jahre wieder Menschen auf dem Mond landen. Machen wir mit!<\/span><\/div>\n<p>[\/et_pb_text][\/et_pb_column][\/et_pb_row][et_pb_row column_structure=&#8221;1_2,1_2&#8243; use_custom_gutter=&#8221;on&#8221; gutter_width=&#8221;2&#8243; make_equal=&#8221;on&#8221; _builder_version=&#8221;4.16&#8243; background_size=&#8221;initial&#8221; background_position=&#8221;top_left&#8221; background_repeat=&#8221;repeat&#8221; custom_padding=&#8221;0px|||||&#8221; global_colors_info=&#8221;{}&#8221;][et_pb_column type=&#8221;1_2&#8243; _builder_version=&#8221;4.16&#8243; custom_padding=&#8221;|||&#8221; global_colors_info=&#8221;{}&#8221; custom_padding__hover=&#8221;|||&#8221;][et_pb_text _builder_version=&#8221;4.22.1&#8243; background_size=&#8221;initial&#8221; background_position=&#8221;top_left&#8221; background_repeat=&#8221;repeat&#8221; global_colors_info=&#8221;{}&#8221;]<\/p>\n<p><strong>GENRE: <\/strong>Sci-Fi Comedy<\/p>\n<p><strong>FORMAT: <\/strong>52 x 6 min, 3D, ohne Dialog<\/p>\n<p><strong>TARGET AUDIENCE:<\/strong> Kids 5+ Jahre, Family Entertainment<\/p>\n<p>[\/et_pb_text][\/et_pb_column][et_pb_column type=&#8221;1_2&#8243; _builder_version=&#8221;4.16&#8243; custom_padding=&#8221;|||&#8221; global_colors_info=&#8221;{}&#8221; custom_padding__hover=&#8221;|||&#8221;][et_pb_text _builder_version=&#8221;4.22.1&#8243; background_size=&#8221;initial&#8221; background_position=&#8221;top_left&#8221; background_repeat=&#8221;repeat&#8221; global_colors_info=&#8221;{}&#8221;]<\/p>\n<p><strong>WEB:<\/strong> <a href=\"https:\/\/www.astroundblob.com\" target=\"_blank\" rel=\"noopener\">https:\/\/www.astroundblob.com<\/a><\/p>\n<p>Schau die erste Episode als Animatic und entdecke das Spiel, indem du dich durch alle Level zockst.<\/p>\n<p>[\/et_pb_text][\/et_pb_column][\/et_pb_row][\/et_pb_section][et_pb_section fb_built=&#8221;1&#8243; custom_padding_last_edited=&#8221;off|desktop&#8221; module_id=&#8221;the-design&#8221; _builder_version=&#8221;4.18.0&#8243; background_color=&#8221;#FFFFFF&#8221; custom_margin=&#8221;0px||0px||false|false&#8221; custom_padding=&#8221;||0px||false|false&#8221; custom_padding_phone=&#8221;20px||0px||false|false&#8221; global_colors_info=&#8221;{}&#8221;][et_pb_row use_custom_gutter=&#8221;on&#8221; gutter_width=&#8221;2&#8243; _builder_version=&#8221;4.16&#8243; _module_preset=&#8221;default&#8221; custom_padding=&#8221;0px||50px|||&#8221; global_colors_info=&#8221;{}&#8221;][et_pb_column type=&#8221;4_4&#8243; _builder_version=&#8221;4.16&#8243; _module_preset=&#8221;default&#8221; global_colors_info=&#8221;{}&#8221;][et_pb_text _builder_version=&#8221;4.22.1&#8243; background_size=&#8221;initial&#8221; background_position=&#8221;top_left&#8221; background_repeat=&#8221;repeat&#8221; custom_margin=&#8221;||22px|||&#8221; global_colors_info=&#8221;{}&#8221;]<\/p>\n<p><strong>Hier sind einige unserer Work-in-Progress-Materialien zu sehen.<\/strong><\/p>\n<p>[\/et_pb_text][dss_masonry_gallery images=&#8221;4017,4018,4019,4020,4021&#8243; columns=&#8221;6&#8243; show_overflow=&#8221;on&#8221; use_thumbnails=&#8221;on&#8221; image_size_desktop=&#8221;medium&#8221; image_size_tablet=&#8221;medium&#8221; image_size_phone=&#8221;medium&#8221; fix_lazy=&#8221;on&#8221; columns_tablet=&#8221;&#8221; columns_phone=&#8221;3&#8243; columns_last_edited=&#8221;on|phone&#8221; gutter_tablet=&#8221;&#8221; gutter_phone=&#8221;3&#8243; gutter_last_edited=&#8221;on|phone&#8221; _builder_version=&#8221;4.22.1&#8243; _module_preset=&#8221;default&#8221; global_colors_info=&#8221;{}&#8221;][\/dss_masonry_gallery][\/et_pb_column][\/et_pb_row][et_pb_row use_custom_gutter=&#8221;on&#8221; gutter_width=&#8221;2&#8243; _builder_version=&#8221;4.16&#8243; _module_preset=&#8221;default&#8221; custom_padding=&#8221;0px||50px|||&#8221; global_colors_info=&#8221;{}&#8221;][et_pb_column type=&#8221;4_4&#8243; _builder_version=&#8221;4.16&#8243; _module_preset=&#8221;default&#8221; global_colors_info=&#8221;{}&#8221;][dss_masonry_gallery images=&#8221;4026,4024,4023,4022,4025&#8243; columns=&#8221;6&#8243; show_overflow=&#8221;on&#8221; use_thumbnails=&#8221;on&#8221; image_size_desktop=&#8221;medium&#8221; image_size_tablet=&#8221;medium&#8221; image_size_phone=&#8221;medium&#8221; fix_lazy=&#8221;on&#8221; columns_tablet=&#8221;&#8221; columns_phone=&#8221;3&#8243; columns_last_edited=&#8221;on|phone&#8221; gutter_tablet=&#8221;&#8221; gutter_phone=&#8221;3&#8243; gutter_last_edited=&#8221;on|phone&#8221; _builder_version=&#8221;4.22.1&#8243; _module_preset=&#8221;default&#8221; global_colors_info=&#8221;{}&#8221;][\/dss_masonry_gallery][\/et_pb_column][\/et_pb_row][\/et_pb_section]<\/p>\n","protected":false},"excerpt":{"rendered":"<p>ASTRO &amp; BLOB &#8211; HOME ON THE MOONAstronaut Astro ist ein echter Wissenschaftler: Er macht alles nach Plan, mit Struktur und gut durchdacht. Doch als er seine Basis im Shackleton Krater auf dem Mond errichtet, ahnt er nicht, dass hier schon jemand wohnt. Blob, ein au\u00dferirdischer, pinker Wackelpudding, der seinen K\u00f6rper in alle m\u00f6glichen Formen [&hellip;]<\/p>\n","protected":false},"author":1,"featured_media":0,"parent":2408,"menu_order":0,"comment_status":"closed","ping_status":"closed","template":"","meta":{"_et_pb_use_builder":"on","_et_pb_old_content":"","_et_gb_content_width":"","footnotes":""},"yoast_head":"<!-- This site is optimized with the Yoast SEO plugin v21.1 - https:\/\/yoast.com\/wordpress\/plugins\/seo\/ -->\n<title>Astro &amp; Blob - Digedags<\/title>\n<meta name=\"robots\" content=\"index, follow, max-snippet:-1, max-image-preview:large, max-video-preview:-1\" \/>\n<link rel=\"canonical\" href=\"https:\/\/www.digedags-entertainment.com\/de\/projekte\/astro-blob\/\" \/>\n<meta property=\"og:locale\" content=\"de_DE\" \/>\n<meta property=\"og:type\" content=\"article\" \/>\n<meta property=\"og:title\" content=\"Astro &amp; Blob - Digedags\" \/>\n<meta property=\"og:url\" content=\"https:\/\/www.digedags-entertainment.com\/de\/projekte\/astro-blob\/\" \/>\n<meta property=\"og:site_name\" content=\"Digedags\" \/>\n<meta property=\"article:modified_time\" content=\"2025-06-25T14:18:33+00:00\" \/>\n<meta name=\"twitter:card\" content=\"summary_large_image\" \/>\n<meta name=\"twitter:label1\" content=\"Gesch\u00e4tzte Lesezeit\" \/>\n\t<meta name=\"twitter:data1\" content=\"2\u00a0Minuten\" \/>\n<script type=\"application\/ld+json\" class=\"yoast-schema-graph\">{\"@context\":\"https:\/\/schema.org\",\"@graph\":[{\"@type\":\"WebPage\",\"@id\":\"https:\/\/www.digedags-entertainment.com\/de\/projekte\/astro-blob\/\",\"url\":\"https:\/\/www.digedags-entertainment.com\/de\/projekte\/astro-blob\/\",\"name\":\"Astro &amp; Blob - Digedags\",\"isPartOf\":{\"@id\":\"https:\/\/www.digedags-entertainment.com\/de\/#website\"},\"datePublished\":\"2022-05-05T07:42:12+00:00\",\"dateModified\":\"2025-06-25T14:18:33+00:00\",\"breadcrumb\":{\"@id\":\"https:\/\/www.digedags-entertainment.com\/de\/projekte\/astro-blob\/#breadcrumb\"},\"inLanguage\":\"de\",\"potentialAction\":[{\"@type\":\"ReadAction\",\"target\":[\"https:\/\/www.digedags-entertainment.com\/de\/projekte\/astro-blob\/\"]}]},{\"@type\":\"BreadcrumbList\",\"@id\":\"https:\/\/www.digedags-entertainment.com\/de\/projekte\/astro-blob\/#breadcrumb\",\"itemListElement\":[{\"@type\":\"ListItem\",\"position\":1,\"name\":\"Startseite\",\"item\":\"https:\/\/www.digedags-entertainment.com\/de\/\"},{\"@type\":\"ListItem\",\"position\":2,\"name\":\"Projekte\",\"item\":\"https:\/\/www.digedags-entertainment.com\/de\/projekte\/\"},{\"@type\":\"ListItem\",\"position\":3,\"name\":\"Astro &amp; Blob\"}]},{\"@type\":\"WebSite\",\"@id\":\"https:\/\/www.digedags-entertainment.com\/de\/#website\",\"url\":\"https:\/\/www.digedags-entertainment.com\/de\/\",\"name\":\"Digedags\",\"description\":\"\",\"potentialAction\":[{\"@type\":\"SearchAction\",\"target\":{\"@type\":\"EntryPoint\",\"urlTemplate\":\"https:\/\/www.digedags-entertainment.com\/de\/?s={search_term_string}\"},\"query-input\":\"required name=search_term_string\"}],\"inLanguage\":\"de\"}]}<\/script>\n<!-- \/ Yoast SEO plugin. -->","yoast_head_json":{"title":"Astro &amp; Blob - Digedags","robots":{"index":"index","follow":"follow","max-snippet":"max-snippet:-1","max-image-preview":"max-image-preview:large","max-video-preview":"max-video-preview:-1"},"canonical":"https:\/\/www.digedags-entertainment.com\/de\/projekte\/astro-blob\/","og_locale":"de_DE","og_type":"article","og_title":"Astro &amp; Blob - Digedags","og_url":"https:\/\/www.digedags-entertainment.com\/de\/projekte\/astro-blob\/","og_site_name":"Digedags","article_modified_time":"2025-06-25T14:18:33+00:00","twitter_card":"summary_large_image","twitter_misc":{"Gesch\u00e4tzte Lesezeit":"2\u00a0Minuten"},"schema":{"@context":"https:\/\/schema.org","@graph":[{"@type":"WebPage","@id":"https:\/\/www.digedags-entertainment.com\/de\/projekte\/astro-blob\/","url":"https:\/\/www.digedags-entertainment.com\/de\/projekte\/astro-blob\/","name":"Astro &amp; Blob - Digedags","isPartOf":{"@id":"https:\/\/www.digedags-entertainment.com\/de\/#website"},"datePublished":"2022-05-05T07:42:12+00:00","dateModified":"2025-06-25T14:18:33+00:00","breadcrumb":{"@id":"https:\/\/www.digedags-entertainment.com\/de\/projekte\/astro-blob\/#breadcrumb"},"inLanguage":"de","potentialAction":[{"@type":"ReadAction","target":["https:\/\/www.digedags-entertainment.com\/de\/projekte\/astro-blob\/"]}]},{"@type":"BreadcrumbList","@id":"https:\/\/www.digedags-entertainment.com\/de\/projekte\/astro-blob\/#breadcrumb","itemListElement":[{"@type":"ListItem","position":1,"name":"Startseite","item":"https:\/\/www.digedags-entertainment.com\/de\/"},{"@type":"ListItem","position":2,"name":"Projekte","item":"https:\/\/www.digedags-entertainment.com\/de\/projekte\/"},{"@type":"ListItem","position":3,"name":"Astro &amp; Blob"}]},{"@type":"WebSite","@id":"https:\/\/www.digedags-entertainment.com\/de\/#website","url":"https:\/\/www.digedags-entertainment.com\/de\/","name":"Digedags","description":"","potentialAction":[{"@type":"SearchAction","target":{"@type":"EntryPoint","urlTemplate":"https:\/\/www.digedags-entertainment.com\/de\/?s={search_term_string}"},"query-input":"required name=search_term_string"}],"inLanguage":"de"}]}},"_links":{"self":[{"href":"https:\/\/www.digedags-entertainment.com\/de\/wp-json\/wp\/v2\/pages\/2434"}],"collection":[{"href":"https:\/\/www.digedags-entertainment.com\/de\/wp-json\/wp\/v2\/pages"}],"about":[{"href":"https:\/\/www.digedags-entertainment.com\/de\/wp-json\/wp\/v2\/types\/page"}],"author":[{"embeddable":true,"href":"https:\/\/www.digedags-entertainment.com\/de\/wp-json\/wp\/v2\/users\/1"}],"replies":[{"embeddable":true,"href":"https:\/\/www.digedags-entertainment.com\/de\/wp-json\/wp\/v2\/comments?post=2434"}],"version-history":[{"count":62,"href":"https:\/\/www.digedags-entertainment.com\/de\/wp-json\/wp\/v2\/pages\/2434\/revisions"}],"predecessor-version":[{"id":4051,"href":"https:\/\/www.digedags-entertainment.com\/de\/wp-json\/wp\/v2\/pages\/2434\/revisions\/4051"}],"up":[{"embeddable":true,"href":"https:\/\/www.digedags-entertainment.com\/de\/wp-json\/wp\/v2\/pages\/2408"}],"wp:attachment":[{"href":"https:\/\/www.digedags-entertainment.com\/de\/wp-json\/wp\/v2\/media?parent=2434"}],"curies":[{"name":"wp","href":"https:\/\/api.w.org\/{rel}","templated":true}]}}