{"id":2452,"date":"2022-05-05T09:42:30","date_gmt":"2022-05-05T07:42:30","guid":{"rendered":"https:\/\/www.digedags-entertainment.com\/projekte\/dunkle-havel\/"},"modified":"2025-06-25T16:22:05","modified_gmt":"2025-06-25T14:22:05","slug":"dunkle-havel","status":"publish","type":"page","link":"https:\/\/www.digedags-entertainment.com\/de\/projekte\/dunkle-havel\/","title":{"rendered":"Dunkle Havel"},"content":{"rendered":"<p>[et_pb_section fb_built=&#8221;1&#8243; _builder_version=&#8221;4.18.0&#8243; _module_preset=&#8221;default&#8221; background_color=&#8221;#FFFFFF&#8221; custom_padding=&#8221;0px||0px||true|false&#8221; locked=&#8221;off&#8221; global_colors_info=&#8221;{}&#8221;][et_pb_row _builder_version=&#8221;4.18.0&#8243; _module_preset=&#8221;default&#8221; custom_padding=&#8221;0px||0px||true|false&#8221; global_colors_info=&#8221;{}&#8221;][et_pb_column type=&#8221;4_4&#8243; _builder_version=&#8221;4.17.3&#8243; _module_preset=&#8221;default&#8221; global_colors_info=&#8221;{}&#8221;][et_pb_image src=&#8221;http:\/\/www.digedags-entertainment.com\/wp-content\/uploads\/2023\/01\/DunkleHavel_front3.jpg&#8221; title_text=&#8221;DarkHavel_front3&#8243; _builder_version=&#8221;4.22.1&#8243; _module_preset=&#8221;default&#8221; hover_enabled=&#8221;0&#8243; global_colors_info=&#8221;{}&#8221; sticky_enabled=&#8221;0&#8243;][\/et_pb_image][\/et_pb_column][\/et_pb_row][\/et_pb_section][et_pb_section fb_built=&#8221;1&#8243; custom_padding_last_edited=&#8221;on|phone&#8221; module_id=&#8221;the-design&#8221; _builder_version=&#8221;4.18.0&#8243; background_color=&#8221;#FFFFFF&#8221; custom_margin=&#8221;0px||0px||false|false&#8221; custom_padding=&#8221;50px||0px||false|false&#8221; custom_padding_tablet=&#8221;&#8221; custom_padding_phone=&#8221;50px||0px||false|false&#8221; collapsed=&#8221;off&#8221; global_colors_info=&#8221;{}&#8221;][et_pb_row _builder_version=&#8221;4.18.0&#8243; background_color=&#8221;#FFFFFF&#8221; background_size=&#8221;initial&#8221; background_position=&#8221;top_left&#8221; background_repeat=&#8221;repeat&#8221; global_colors_info=&#8221;{}&#8221;][et_pb_column type=&#8221;4_4&#8243; _builder_version=&#8221;4.16&#8243; global_colors_info=&#8221;{}&#8221; custom_padding__hover=&#8221;|||&#8221;][et_pb_text admin_label=&#8221;Dark Havel&#8221; _builder_version=&#8221;4.18.0&#8243; text_text_color=&#8221;#000000&#8243; header_text_color=&#8221;#000000&#8243; header_2_text_color=&#8221;#000000&#8243; background_color=&#8221;RGBA(255,255,255,0)&#8221; background_size=&#8221;initial&#8221; background_position=&#8221;top_left&#8221; background_repeat=&#8221;repeat&#8221; global_colors_info=&#8221;{}&#8221;]<\/p>\n<h2><strong><u>DUNKLE HAVEL<\/u><\/strong><\/h2>\n<p>[\/et_pb_text][\/et_pb_column][\/et_pb_row][et_pb_row column_structure=&#8221;1_2,1_2&#8243; _builder_version=&#8221;4.18.0&#8243; background_size=&#8221;initial&#8221; background_position=&#8221;top_left&#8221; background_repeat=&#8221;repeat&#8221; custom_padding=&#8221;0px||||false|false&#8221; global_colors_info=&#8221;{}&#8221;][et_pb_column type=&#8221;1_2&#8243; _builder_version=&#8221;4.16&#8243; global_colors_info=&#8221;{}&#8221; custom_padding__hover=&#8221;|||&#8221;][et_pb_text _builder_version=&#8221;4.18.0&#8243; text_text_color=&#8221;#000000&#8243; background_size=&#8221;initial&#8221; background_position=&#8221;top_left&#8221; background_repeat=&#8221;repeat&#8221; global_colors_info=&#8221;{}&#8221;]<\/p>\n<p>Vor sechzehn Jahren verschwand ihre Jugendliebe Sophie spurlos in der Havel. Heute findet die Potsdamer Kommissarin TONI ROTH (38) ihr Foto in der Tasche eines Mordopfers. Im verzweifelten Versuch, Sophies ungewisses Schicksal endlich aufzukl\u00e4ren, beginnt Toni ein gef\u00e4hrliches Doppelspiel aus privaten und offiziellen Ermittlungen.<\/p>\n<p> Weitere Opfer werden gefunden und Toni findet heraus, dass diese nicht nur zu Sophies Suchmannschaft, sondern auch zu einem Menschenh\u00e4ndlerring geh\u00f6rten. Haben die M\u00e4nner damals auch Sophie entf\u00fchrt? Toni ger\u00e4t in einen Strudel aus geheimen Drogenk\u00fcchen und einer okkulten Feuer-Sekte und sieht immer deutlicher, dass der M\u00f6rder Sophies Tod r\u00e4cht.<\/p>\n<p>[\/et_pb_text][\/et_pb_column][et_pb_column type=&#8221;1_2&#8243; _builder_version=&#8221;4.16&#8243; custom_padding=&#8221;||0px||false|false&#8221; global_colors_info=&#8221;{}&#8221; custom_padding__hover=&#8221;|||&#8221;][et_pb_text _builder_version=&#8221;4.18.0&#8243; text_text_color=&#8221;#000000&#8243; background_size=&#8221;initial&#8221; background_position=&#8221;top_left&#8221; background_repeat=&#8221;repeat&#8221; global_colors_info=&#8221;{}&#8221;]<\/p>\n<p>Je mehr sie mit dem T\u00e4ter sympathisiert, desto st\u00e4rker wird sie vom Sog der dunklen Havel gefangen. Mit l\u00e4ngst verdr\u00e4ngten Erinnerungen treten immer dunklere und tiefere Abgr\u00fcnde ihrer Seele zutage und Toni erkennt schmerzhaft ihre Mitschuld an Sophies Verschwinden. Am Ende findet sie den T\u00e4ter in ihrem eigenen Haus. Doch der Kampf zwischen Feuer und Wasser, Schuld und S\u00fchne, der Wahrheit um ihre Vergangenheit und der Liebe zu Sophie hat gerade erst begonnen.<\/p>\n<p>[\/et_pb_text][\/et_pb_column][\/et_pb_row][et_pb_row _builder_version=&#8221;4.18.0&#8243; background_size=&#8221;initial&#8221; background_position=&#8221;top_left&#8221; background_repeat=&#8221;repeat&#8221; global_colors_info=&#8221;{}&#8221;][et_pb_column type=&#8221;4_4&#8243; _builder_version=&#8221;4.16&#8243; global_colors_info=&#8221;{}&#8221; custom_padding__hover=&#8221;|||&#8221;][et_pb_text _builder_version=&#8221;4.18.0&#8243; text_text_color=&#8221;#000000&#8243; background_size=&#8221;initial&#8221; background_position=&#8221;top_left&#8221; background_repeat=&#8221;repeat&#8221; global_colors_info=&#8221;{}&#8221;]<\/p>\n<p>Basierend auf der Krimibuchreihe von Tim Pieper.<\/p>\n<p><strong>GENRE: <\/strong>Crime-Mystery<\/p>\n<p><strong>FORMAT: <\/strong>8 x 45 min<\/p>\n<p><strong>TARGET AUDIENCE: <\/strong>16+ Jahre<\/p>\n<p>&nbsp;<\/p>\n<p>&nbsp;<\/p>\n<p>[\/et_pb_text][\/et_pb_column][\/et_pb_row][\/et_pb_section]<\/p>\n","protected":false},"excerpt":{"rendered":"<p>DUNKLE HAVELVor sechzehn Jahren verschwand ihre Jugendliebe Sophie spurlos in der Havel. Heute findet die Potsdamer Kommissarin TONI ROTH (38) ihr Foto in der Tasche eines Mordopfers. Im verzweifelten Versuch, Sophies ungewisses Schicksal endlich aufzukl\u00e4ren, beginnt Toni ein gef\u00e4hrliches Doppelspiel aus privaten und offiziellen Ermittlungen. Weitere Opfer werden gefunden und Toni findet heraus, dass diese [&hellip;]<\/p>\n","protected":false},"author":1,"featured_media":0,"parent":2408,"menu_order":0,"comment_status":"closed","ping_status":"closed","template":"","meta":{"_et_pb_use_builder":"on","_et_pb_old_content":"","_et_gb_content_width":"","footnotes":""},"yoast_head":"<!-- This site is optimized with the Yoast SEO plugin v21.1 - https:\/\/yoast.com\/wordpress\/plugins\/seo\/ -->\n<title>Dunkle Havel - Digedags<\/title>\n<meta name=\"robots\" content=\"index, follow, max-snippet:-1, max-image-preview:large, max-video-preview:-1\" \/>\n<link rel=\"canonical\" href=\"https:\/\/www.digedags-entertainment.com\/de\/projekte\/dunkle-havel\/\" \/>\n<meta property=\"og:locale\" content=\"de_DE\" \/>\n<meta property=\"og:type\" content=\"article\" \/>\n<meta property=\"og:title\" content=\"Dunkle Havel - Digedags\" \/>\n<meta property=\"og:url\" content=\"https:\/\/www.digedags-entertainment.com\/de\/projekte\/dunkle-havel\/\" \/>\n<meta property=\"og:site_name\" content=\"Digedags\" \/>\n<meta property=\"article:modified_time\" content=\"2025-06-25T14:22:05+00:00\" \/>\n<meta name=\"twitter:card\" content=\"summary_large_image\" \/>\n<meta name=\"twitter:label1\" content=\"Gesch\u00e4tzte Lesezeit\" \/>\n\t<meta name=\"twitter:data1\" content=\"2\u00a0Minuten\" \/>\n<script type=\"application\/ld+json\" class=\"yoast-schema-graph\">{\"@context\":\"https:\/\/schema.org\",\"@graph\":[{\"@type\":\"WebPage\",\"@id\":\"https:\/\/www.digedags-entertainment.com\/de\/projekte\/dunkle-havel\/\",\"url\":\"https:\/\/www.digedags-entertainment.com\/de\/projekte\/dunkle-havel\/\",\"name\":\"Dunkle Havel - Digedags\",\"isPartOf\":{\"@id\":\"https:\/\/www.digedags-entertainment.com\/de\/#website\"},\"datePublished\":\"2022-05-05T07:42:30+00:00\",\"dateModified\":\"2025-06-25T14:22:05+00:00\",\"breadcrumb\":{\"@id\":\"https:\/\/www.digedags-entertainment.com\/de\/projekte\/dunkle-havel\/#breadcrumb\"},\"inLanguage\":\"de\",\"potentialAction\":[{\"@type\":\"ReadAction\",\"target\":[\"https:\/\/www.digedags-entertainment.com\/de\/projekte\/dunkle-havel\/\"]}]},{\"@type\":\"BreadcrumbList\",\"@id\":\"https:\/\/www.digedags-entertainment.com\/de\/projekte\/dunkle-havel\/#breadcrumb\",\"itemListElement\":[{\"@type\":\"ListItem\",\"position\":1,\"name\":\"Startseite\",\"item\":\"https:\/\/www.digedags-entertainment.com\/de\/\"},{\"@type\":\"ListItem\",\"position\":2,\"name\":\"Projekte\",\"item\":\"https:\/\/www.digedags-entertainment.com\/de\/projekte\/\"},{\"@type\":\"ListItem\",\"position\":3,\"name\":\"Dunkle Havel\"}]},{\"@type\":\"WebSite\",\"@id\":\"https:\/\/www.digedags-entertainment.com\/de\/#website\",\"url\":\"https:\/\/www.digedags-entertainment.com\/de\/\",\"name\":\"Digedags\",\"description\":\"\",\"potentialAction\":[{\"@type\":\"SearchAction\",\"target\":{\"@type\":\"EntryPoint\",\"urlTemplate\":\"https:\/\/www.digedags-entertainment.com\/de\/?s={search_term_string}\"},\"query-input\":\"required name=search_term_string\"}],\"inLanguage\":\"de\"}]}<\/script>\n<!-- \/ Yoast SEO plugin. -->","yoast_head_json":{"title":"Dunkle Havel - Digedags","robots":{"index":"index","follow":"follow","max-snippet":"max-snippet:-1","max-image-preview":"max-image-preview:large","max-video-preview":"max-video-preview:-1"},"canonical":"https:\/\/www.digedags-entertainment.com\/de\/projekte\/dunkle-havel\/","og_locale":"de_DE","og_type":"article","og_title":"Dunkle Havel - Digedags","og_url":"https:\/\/www.digedags-entertainment.com\/de\/projekte\/dunkle-havel\/","og_site_name":"Digedags","article_modified_time":"2025-06-25T14:22:05+00:00","twitter_card":"summary_large_image","twitter_misc":{"Gesch\u00e4tzte Lesezeit":"2\u00a0Minuten"},"schema":{"@context":"https:\/\/schema.org","@graph":[{"@type":"WebPage","@id":"https:\/\/www.digedags-entertainment.com\/de\/projekte\/dunkle-havel\/","url":"https:\/\/www.digedags-entertainment.com\/de\/projekte\/dunkle-havel\/","name":"Dunkle Havel - Digedags","isPartOf":{"@id":"https:\/\/www.digedags-entertainment.com\/de\/#website"},"datePublished":"2022-05-05T07:42:30+00:00","dateModified":"2025-06-25T14:22:05+00:00","breadcrumb":{"@id":"https:\/\/www.digedags-entertainment.com\/de\/projekte\/dunkle-havel\/#breadcrumb"},"inLanguage":"de","potentialAction":[{"@type":"ReadAction","target":["https:\/\/www.digedags-entertainment.com\/de\/projekte\/dunkle-havel\/"]}]},{"@type":"BreadcrumbList","@id":"https:\/\/www.digedags-entertainment.com\/de\/projekte\/dunkle-havel\/#breadcrumb","itemListElement":[{"@type":"ListItem","position":1,"name":"Startseite","item":"https:\/\/www.digedags-entertainment.com\/de\/"},{"@type":"ListItem","position":2,"name":"Projekte","item":"https:\/\/www.digedags-entertainment.com\/de\/projekte\/"},{"@type":"ListItem","position":3,"name":"Dunkle Havel"}]},{"@type":"WebSite","@id":"https:\/\/www.digedags-entertainment.com\/de\/#website","url":"https:\/\/www.digedags-entertainment.com\/de\/","name":"Digedags","description":"","potentialAction":[{"@type":"SearchAction","target":{"@type":"EntryPoint","urlTemplate":"https:\/\/www.digedags-entertainment.com\/de\/?s={search_term_string}"},"query-input":"required name=search_term_string"}],"inLanguage":"de"}]}},"_links":{"self":[{"href":"https:\/\/www.digedags-entertainment.com\/de\/wp-json\/wp\/v2\/pages\/2452"}],"collection":[{"href":"https:\/\/www.digedags-entertainment.com\/de\/wp-json\/wp\/v2\/pages"}],"about":[{"href":"https:\/\/www.digedags-entertainment.com\/de\/wp-json\/wp\/v2\/types\/page"}],"author":[{"embeddable":true,"href":"https:\/\/www.digedags-entertainment.com\/de\/wp-json\/wp\/v2\/users\/1"}],"replies":[{"embeddable":true,"href":"https:\/\/www.digedags-entertainment.com\/de\/wp-json\/wp\/v2\/comments?post=2452"}],"version-history":[{"count":69,"href":"https:\/\/www.digedags-entertainment.com\/de\/wp-json\/wp\/v2\/pages\/2452\/revisions"}],"predecessor-version":[{"id":4071,"href":"https:\/\/www.digedags-entertainment.com\/de\/wp-json\/wp\/v2\/pages\/2452\/revisions\/4071"}],"up":[{"embeddable":true,"href":"https:\/\/www.digedags-entertainment.com\/de\/wp-json\/wp\/v2\/pages\/2408"}],"wp:attachment":[{"href":"https:\/\/www.digedags-entertainment.com\/de\/wp-json\/wp\/v2\/media?parent=2452"}],"curies":[{"name":"wp","href":"https:\/\/api.w.org\/{rel}","templated":true}]}}