{"id":3209,"date":"2023-09-14T13:07:13","date_gmt":"2023-09-14T11:07:13","guid":{"rendered":"https:\/\/www.digedags-entertainment.com\/?page_id=3209"},"modified":"2025-06-26T15:17:53","modified_gmt":"2025-06-26T13:17:53","slug":"traumbahnhof","status":"publish","type":"page","link":"https:\/\/www.digedags-entertainment.com\/de\/projekte\/traumbahnhof\/","title":{"rendered":"Traumbahnhof"},"content":{"rendered":"<p>[et_pb_section fb_built=&#8221;1&#8243; _builder_version=&#8221;4.18.0&#8243; _module_preset=&#8221;default&#8221; background_color=&#8221;#FFFFFF&#8221; custom_padding=&#8221;0px||0px||true|false&#8221; locked=&#8221;off&#8221; global_colors_info=&#8221;{}&#8221;][et_pb_row _builder_version=&#8221;4.17.3&#8243; _module_preset=&#8221;default&#8221; custom_padding=&#8221;0px||0px||true|false&#8221; global_colors_info=&#8221;{}&#8221;][et_pb_column type=&#8221;4_4&#8243; _builder_version=&#8221;4.17.3&#8243; _module_preset=&#8221;default&#8221; global_colors_info=&#8221;{}&#8221;][et_pb_image src=&#8221;http:\/\/www.digedags-entertainment.com\/wp-content\/uploads\/2023\/11\/DreamTrain2_dt-1.jpg&#8221; title_text=&#8221;TraumZug3_engl&#8221; _builder_version=&#8221;4.22.1&#8243; _module_preset=&#8221;default&#8221; global_colors_info=&#8221;{}&#8221;][\/et_pb_image][\/et_pb_column][\/et_pb_row][\/et_pb_section][et_pb_section fb_built=&#8221;1&#8243; _builder_version=&#8221;4.18.0&#8243; background_color=&#8221;#FFFFFF&#8221; custom_padding=&#8221;50px||50px||true|false&#8221; global_colors_info=&#8221;{}&#8221;][et_pb_row _builder_version=&#8221;4.18.0&#8243; background_size=&#8221;initial&#8221; background_position=&#8221;top_left&#8221; background_repeat=&#8221;repeat&#8221; custom_padding=&#8221;||0px|||&#8221; global_colors_info=&#8221;{}&#8221;][et_pb_column type=&#8221;4_4&#8243; _builder_version=&#8221;4.16&#8243; custom_padding=&#8221;|||&#8221; global_colors_info=&#8221;{}&#8221; custom_padding__hover=&#8221;|||&#8221;][et_pb_text admin_label=&#8221;Dream Station&#8221; _builder_version=&#8221;4.22.1&#8243; background_size=&#8221;initial&#8221; background_position=&#8221;top_left&#8221; background_repeat=&#8221;repeat&#8221; custom_margin=&#8221;||22px|||&#8221; custom_margin_tablet=&#8221;&#8221; custom_margin_phone=&#8221;||||false|false&#8221; custom_margin_last_edited=&#8221;on|phone&#8221; hover_enabled=&#8221;0&#8243; global_colors_info=&#8221;{}&#8221; sticky_enabled=&#8221;0&#8243;]<\/p>\n<h2><u>TRAUMBAHNHOF<br \/><\/u><\/h2>\n<p>[\/et_pb_text][\/et_pb_column][\/et_pb_row][et_pb_row column_structure=&#8221;1_2,1_2&#8243; use_custom_gutter=&#8221;on&#8221; gutter_width=&#8221;2&#8243; make_equal=&#8221;on&#8221; _builder_version=&#8221;4.16&#8243; background_size=&#8221;initial&#8221; background_position=&#8221;top_left&#8221; background_repeat=&#8221;repeat&#8221; custom_padding=&#8221;0px|||||&#8221; global_colors_info=&#8221;{}&#8221;][et_pb_column type=&#8221;1_2&#8243; _builder_version=&#8221;4.16&#8243; custom_padding=&#8221;|||&#8221; global_colors_info=&#8221;{}&#8221; custom_padding__hover=&#8221;|||&#8221;][et_pb_text _builder_version=&#8221;4.22.1&#8243; background_size=&#8221;initial&#8221; background_position=&#8221;top_left&#8221; background_repeat=&#8221;repeat&#8221; global_colors_info=&#8221;{}&#8221;]<\/p>\n<p>Im &#8220;Traumbahnhof&#8221; leben alle Arten von Ponstern. Ponsters sind wuschelige, schr\u00e4ge Monsterchen, die Tr\u00e4ume sammeln und verschenken. Eins von ihnen ist Geige (3), das neugierigste Ponster-M\u00e4dchen von allen. Gemeinsam mit ihrem besten Kumpel Schnurre (7) begr\u00fc\u00dft sie in jeder Folge einen menschlichen Gast, zum Beispiel den Schauspieler Heiko Pinkowski oder den Astronauten Alexander Gerst. Die beantworten eingesendete Fragen von Kindern, erz\u00e4hlen aus ihrem Leben und regen damit Geiges und Schnurres Fantasie an.<\/p>\n<p>[\/et_pb_text][\/et_pb_column][et_pb_column type=&#8221;1_2&#8243; _builder_version=&#8221;4.16&#8243; custom_padding=&#8221;|||&#8221; global_colors_info=&#8221;{}&#8221; custom_padding__hover=&#8221;|||&#8221;][et_pb_text _builder_version=&#8221;4.22.1&#8243; background_size=&#8221;initial&#8221; background_position=&#8221;top_left&#8221; background_repeat=&#8221;repeat&#8221; global_colors_info=&#8221;{}&#8221;]<\/p>\n<div>\n<p>Wie das wohl ist, wenn man immer wer anders sein darf? Was man wohl sieht, wenn man von oben auf die Welt schaut? Wie geht man mit Wut oder Traurigkeit um? Gemeinsam mit dem Schaffner Herrn Krausewitz (55) und der Lokomotivf\u00fchrerin Frau Meinherz (28) steigen alle in den Traumzug ein und gehen auf eine zauberhafte Fantasiereise, um das mal auszuprobieren.<\/p>\n<p>In kurzen, in sich geschlossenen, animierten Geschichten werden Geiges und Schnurres Fragen spielerisch beantwortet. Immer aus Sicht der Kinder, immer ein bisschen schr\u00e4ger-than-life &#8211; aber immer zauberhaft und vertr\u00e4umt!<\/p>\n<\/div>\n<p>[\/et_pb_text][\/et_pb_column][\/et_pb_row][et_pb_row use_custom_gutter=&#8221;on&#8221; gutter_width=&#8221;2&#8243; make_equal=&#8221;on&#8221; _builder_version=&#8221;4.18.0&#8243; background_size=&#8221;initial&#8221; background_position=&#8221;top_left&#8221; background_repeat=&#8221;repeat&#8221; global_colors_info=&#8221;{}&#8221;][et_pb_column type=&#8221;4_4&#8243; _builder_version=&#8221;4.16&#8243; custom_padding=&#8221;|||&#8221; global_colors_info=&#8221;{}&#8221; custom_padding__hover=&#8221;|||&#8221;][et_pb_text admin_label=&#8221;Text&#8221; _builder_version=&#8221;4.18.0&#8243; background_size=&#8221;initial&#8221; background_position=&#8221;top_left&#8221; background_repeat=&#8221;repeat&#8221; global_colors_info=&#8221;{}&#8221;]<\/p>\n<p><strong>GENRE: <\/strong>Educational Children\u2019s Series<\/p>\n<p><strong>FORMAT: <\/strong>26 x 22 min, Puppenspiel und Schauspieler dazu 2D\/3D Animationen<\/p>\n<p><strong>TARGET AUDIENCE:<\/strong> 3 &#8211; 7 Jahre<\/p>\n<p>[\/et_pb_text][\/et_pb_column][\/et_pb_row][\/et_pb_section]<\/p>\n","protected":false},"excerpt":{"rendered":"<p>TRAUMBAHNHOFIm &#8220;Traumbahnhof&#8221; leben alle Arten von Ponstern. Ponsters sind wuschelige, schr\u00e4ge Monsterchen, die Tr\u00e4ume sammeln und verschenken. Eins von ihnen ist Geige (3), das neugierigste Ponster-M\u00e4dchen von allen. Gemeinsam mit ihrem besten Kumpel Schnurre (7) begr\u00fc\u00dft sie in jeder Folge einen menschlichen Gast, zum Beispiel den Schauspieler Heiko Pinkowski oder den Astronauten Alexander Gerst. Die [&hellip;]<\/p>\n","protected":false},"author":9,"featured_media":0,"parent":2408,"menu_order":0,"comment_status":"closed","ping_status":"closed","template":"","meta":{"_et_pb_use_builder":"on","_et_pb_old_content":"","_et_gb_content_width":"","footnotes":""},"yoast_head":"<!-- This site is optimized with the Yoast SEO plugin v21.1 - https:\/\/yoast.com\/wordpress\/plugins\/seo\/ -->\n<title>Traumbahnhof - Digedags<\/title>\n<meta name=\"robots\" content=\"index, follow, max-snippet:-1, max-image-preview:large, max-video-preview:-1\" \/>\n<link rel=\"canonical\" href=\"https:\/\/www.digedags-entertainment.com\/de\/projekte\/traumbahnhof\/\" \/>\n<meta property=\"og:locale\" content=\"de_DE\" \/>\n<meta property=\"og:type\" content=\"article\" \/>\n<meta property=\"og:title\" content=\"Traumbahnhof - Digedags\" \/>\n<meta property=\"og:url\" content=\"https:\/\/www.digedags-entertainment.com\/de\/projekte\/traumbahnhof\/\" \/>\n<meta property=\"og:site_name\" content=\"Digedags\" \/>\n<meta property=\"article:modified_time\" content=\"2025-06-26T13:17:53+00:00\" \/>\n<meta name=\"twitter:card\" content=\"summary_large_image\" \/>\n<meta name=\"twitter:label1\" content=\"Gesch\u00e4tzte Lesezeit\" \/>\n\t<meta name=\"twitter:data1\" content=\"2\u00a0Minuten\" \/>\n<script type=\"application\/ld+json\" class=\"yoast-schema-graph\">{\"@context\":\"https:\/\/schema.org\",\"@graph\":[{\"@type\":\"WebPage\",\"@id\":\"https:\/\/www.digedags-entertainment.com\/de\/projekte\/traumbahnhof\/\",\"url\":\"https:\/\/www.digedags-entertainment.com\/de\/projekte\/traumbahnhof\/\",\"name\":\"Traumbahnhof - Digedags\",\"isPartOf\":{\"@id\":\"https:\/\/www.digedags-entertainment.com\/de\/#website\"},\"datePublished\":\"2023-09-14T11:07:13+00:00\",\"dateModified\":\"2025-06-26T13:17:53+00:00\",\"breadcrumb\":{\"@id\":\"https:\/\/www.digedags-entertainment.com\/de\/projekte\/traumbahnhof\/#breadcrumb\"},\"inLanguage\":\"de\",\"potentialAction\":[{\"@type\":\"ReadAction\",\"target\":[\"https:\/\/www.digedags-entertainment.com\/de\/projekte\/traumbahnhof\/\"]}]},{\"@type\":\"BreadcrumbList\",\"@id\":\"https:\/\/www.digedags-entertainment.com\/de\/projekte\/traumbahnhof\/#breadcrumb\",\"itemListElement\":[{\"@type\":\"ListItem\",\"position\":1,\"name\":\"Startseite\",\"item\":\"https:\/\/www.digedags-entertainment.com\/de\/\"},{\"@type\":\"ListItem\",\"position\":2,\"name\":\"Projekte\",\"item\":\"https:\/\/www.digedags-entertainment.com\/de\/projekte\/\"},{\"@type\":\"ListItem\",\"position\":3,\"name\":\"Traumbahnhof\"}]},{\"@type\":\"WebSite\",\"@id\":\"https:\/\/www.digedags-entertainment.com\/de\/#website\",\"url\":\"https:\/\/www.digedags-entertainment.com\/de\/\",\"name\":\"Digedags\",\"description\":\"\",\"potentialAction\":[{\"@type\":\"SearchAction\",\"target\":{\"@type\":\"EntryPoint\",\"urlTemplate\":\"https:\/\/www.digedags-entertainment.com\/de\/?s={search_term_string}\"},\"query-input\":\"required name=search_term_string\"}],\"inLanguage\":\"de\"}]}<\/script>\n<!-- \/ Yoast SEO plugin. -->","yoast_head_json":{"title":"Traumbahnhof - Digedags","robots":{"index":"index","follow":"follow","max-snippet":"max-snippet:-1","max-image-preview":"max-image-preview:large","max-video-preview":"max-video-preview:-1"},"canonical":"https:\/\/www.digedags-entertainment.com\/de\/projekte\/traumbahnhof\/","og_locale":"de_DE","og_type":"article","og_title":"Traumbahnhof - Digedags","og_url":"https:\/\/www.digedags-entertainment.com\/de\/projekte\/traumbahnhof\/","og_site_name":"Digedags","article_modified_time":"2025-06-26T13:17:53+00:00","twitter_card":"summary_large_image","twitter_misc":{"Gesch\u00e4tzte Lesezeit":"2\u00a0Minuten"},"schema":{"@context":"https:\/\/schema.org","@graph":[{"@type":"WebPage","@id":"https:\/\/www.digedags-entertainment.com\/de\/projekte\/traumbahnhof\/","url":"https:\/\/www.digedags-entertainment.com\/de\/projekte\/traumbahnhof\/","name":"Traumbahnhof - Digedags","isPartOf":{"@id":"https:\/\/www.digedags-entertainment.com\/de\/#website"},"datePublished":"2023-09-14T11:07:13+00:00","dateModified":"2025-06-26T13:17:53+00:00","breadcrumb":{"@id":"https:\/\/www.digedags-entertainment.com\/de\/projekte\/traumbahnhof\/#breadcrumb"},"inLanguage":"de","potentialAction":[{"@type":"ReadAction","target":["https:\/\/www.digedags-entertainment.com\/de\/projekte\/traumbahnhof\/"]}]},{"@type":"BreadcrumbList","@id":"https:\/\/www.digedags-entertainment.com\/de\/projekte\/traumbahnhof\/#breadcrumb","itemListElement":[{"@type":"ListItem","position":1,"name":"Startseite","item":"https:\/\/www.digedags-entertainment.com\/de\/"},{"@type":"ListItem","position":2,"name":"Projekte","item":"https:\/\/www.digedags-entertainment.com\/de\/projekte\/"},{"@type":"ListItem","position":3,"name":"Traumbahnhof"}]},{"@type":"WebSite","@id":"https:\/\/www.digedags-entertainment.com\/de\/#website","url":"https:\/\/www.digedags-entertainment.com\/de\/","name":"Digedags","description":"","potentialAction":[{"@type":"SearchAction","target":{"@type":"EntryPoint","urlTemplate":"https:\/\/www.digedags-entertainment.com\/de\/?s={search_term_string}"},"query-input":"required name=search_term_string"}],"inLanguage":"de"}]}},"_links":{"self":[{"href":"https:\/\/www.digedags-entertainment.com\/de\/wp-json\/wp\/v2\/pages\/3209"}],"collection":[{"href":"https:\/\/www.digedags-entertainment.com\/de\/wp-json\/wp\/v2\/pages"}],"about":[{"href":"https:\/\/www.digedags-entertainment.com\/de\/wp-json\/wp\/v2\/types\/page"}],"author":[{"embeddable":true,"href":"https:\/\/www.digedags-entertainment.com\/de\/wp-json\/wp\/v2\/users\/9"}],"replies":[{"embeddable":true,"href":"https:\/\/www.digedags-entertainment.com\/de\/wp-json\/wp\/v2\/comments?post=3209"}],"version-history":[{"count":52,"href":"https:\/\/www.digedags-entertainment.com\/de\/wp-json\/wp\/v2\/pages\/3209\/revisions"}],"predecessor-version":[{"id":4147,"href":"https:\/\/www.digedags-entertainment.com\/de\/wp-json\/wp\/v2\/pages\/3209\/revisions\/4147"}],"up":[{"embeddable":true,"href":"https:\/\/www.digedags-entertainment.com\/de\/wp-json\/wp\/v2\/pages\/2408"}],"wp:attachment":[{"href":"https:\/\/www.digedags-entertainment.com\/de\/wp-json\/wp\/v2\/media?parent=3209"}],"curies":[{"name":"wp","href":"https:\/\/api.w.org\/{rel}","templated":true}]}}