{"id":3373,"date":"2023-09-14T15:30:12","date_gmt":"2023-09-14T13:30:12","guid":{"rendered":"https:\/\/www.digedags-entertainment.com\/?page_id=3373"},"modified":"2023-11-24T08:17:53","modified_gmt":"2023-11-24T07:17:53","slug":"amelia","status":"publish","type":"page","link":"https:\/\/www.digedags-entertainment.com\/de\/projekte\/amelia\/","title":{"rendered":"Amelia"},"content":{"rendered":"<p>[et_pb_section fb_built=&#8221;1&#8243; _builder_version=&#8221;4.18.0&#8243; _module_preset=&#8221;default&#8221; background_color=&#8221;#FFFFFF&#8221; custom_padding=&#8221;0px||0px||true|false&#8221; locked=&#8221;off&#8221; global_colors_info=&#8221;{}&#8221;][et_pb_row _builder_version=&#8221;4.17.3&#8243; _module_preset=&#8221;default&#8221; custom_padding=&#8221;0px||0px||true|false&#8221; global_colors_info=&#8221;{}&#8221;][et_pb_column type=&#8221;4_4&#8243; _builder_version=&#8221;4.17.3&#8243; _module_preset=&#8221;default&#8221; global_colors_info=&#8221;{}&#8221;][et_pb_image src=&#8221;http:\/\/www.digedags-entertainment.com\/wp-content\/uploads\/2023\/11\/Amelia2_dt-1.jpg&#8221; title_text=&#8221;Amelia_dt&#8221; _builder_version=&#8221;4.22.1&#8243; _module_preset=&#8221;default&#8221; hover_enabled=&#8221;0&#8243; global_colors_info=&#8221;{}&#8221; sticky_enabled=&#8221;0&#8243;][\/et_pb_image][\/et_pb_column][\/et_pb_row][\/et_pb_section][et_pb_section fb_built=&#8221;1&#8243; _builder_version=&#8221;4.18.0&#8243; background_color=&#8221;#FFFFFF&#8221; custom_padding=&#8221;50px||50px||true|false&#8221; global_colors_info=&#8221;{}&#8221;][et_pb_row _builder_version=&#8221;4.17.3&#8243; background_size=&#8221;initial&#8221; background_position=&#8221;top_left&#8221; background_repeat=&#8221;repeat&#8221; custom_padding=&#8221;||0px|||&#8221; global_colors_info=&#8221;{}&#8221;][et_pb_column type=&#8221;4_4&#8243; _builder_version=&#8221;4.16&#8243; custom_padding=&#8221;|||&#8221; global_colors_info=&#8221;{}&#8221; custom_padding__hover=&#8221;|||&#8221;][et_pb_text admin_label=&#8221;Amelia&#8221; _builder_version=&#8221;4.18.0&#8243; background_size=&#8221;initial&#8221; background_position=&#8221;top_left&#8221; background_repeat=&#8221;repeat&#8221; custom_margin=&#8221;||22px|||&#8221; custom_margin_tablet=&#8221;&#8221; custom_margin_phone=&#8221;||||false|false&#8221; custom_margin_last_edited=&#8221;on|phone&#8221; global_colors_info=&#8221;{}&#8221;]<\/p>\n<h2><u>AMELIA &#8211; FL\u00dcGEL DER FREIHEIT<br \/><\/u><\/h2>\n<p>[\/et_pb_text][\/et_pb_column][\/et_pb_row][et_pb_row column_structure=&#8221;1_2,1_2&#8243; use_custom_gutter=&#8221;on&#8221; gutter_width=&#8221;2&#8243; make_equal=&#8221;on&#8221; _builder_version=&#8221;4.16&#8243; background_size=&#8221;initial&#8221; background_position=&#8221;top_left&#8221; background_repeat=&#8221;repeat&#8221; custom_padding=&#8221;0px|||||&#8221; global_colors_info=&#8221;{}&#8221;][et_pb_column type=&#8221;1_2&#8243; _builder_version=&#8221;4.16&#8243; custom_padding=&#8221;|||&#8221; global_colors_info=&#8221;{}&#8221; custom_padding__hover=&#8221;|||&#8221;][et_pb_text _builder_version=&#8221;4.18.0&#8243; background_size=&#8221;initial&#8221; background_position=&#8221;top_left&#8221; background_repeat=&#8221;repeat&#8221; global_colors_info=&#8221;{}&#8221;]<\/p>\n<p>Es ist das Jahr 1910: Frauen haben nichts zu sagen und junge M\u00e4dchen noch viel weniger. Und doch will Amelia (10) nur eins: Fliegen! Auf der Farm ihrer Gro\u00dfeltern in North Carolina hilft sie den Br\u00fcdern Wilbur und Orville Wright dabei, die ersten Flugzeuge der Welt zu konstruieren. Weil Amelia so leicht und geschickt ist, kommt nur sie als Testpilotin infrage. Ihre schwarze Freundin Grace (10), macht den Co-Piloten.<\/p>\n<p>[\/et_pb_text][\/et_pb_column][et_pb_column type=&#8221;1_2&#8243; _builder_version=&#8221;4.16&#8243; custom_padding=&#8221;|||&#8221; global_colors_info=&#8221;{}&#8221; custom_padding__hover=&#8221;|||&#8221;][et_pb_text _builder_version=&#8221;4.18.0&#8243; background_size=&#8221;initial&#8221; background_position=&#8221;top_left&#8221; background_repeat=&#8221;repeat&#8221; global_colors_info=&#8221;{}&#8221;]<\/p>\n<div>\n<p>Vor allem der B\u00fcrgermeister, Major Burnstet (54) findet all das emp\u00f6rend und macht Amelia und ihren Freunden das Leben schwer. Und sowieso: Ist die Welt nicht gut, genauso wie sie ist? Wozu sollte der Mensch Flugzeuge \u00fcberhaupt brauchen?<\/p>\n<p>Amelia, Grace und die Wrights zeigen es ihm: Sie retten Bergsteigern in Not, liefern dringend ben\u00f6tigte Medikamente oder helfen, verlorene Rinder wiederzufinden. So erobern sie die Herzen der Menschen und demonstrieren, dass nicht immer alles beim Alten bleiben muss.<\/p>\n<\/div>\n<p>[\/et_pb_text][\/et_pb_column][\/et_pb_row][et_pb_row use_custom_gutter=&#8221;on&#8221; gutter_width=&#8221;2&#8243; make_equal=&#8221;on&#8221; _builder_version=&#8221;4.18.0&#8243; background_size=&#8221;initial&#8221; background_position=&#8221;top_left&#8221; background_repeat=&#8221;repeat&#8221; global_colors_info=&#8221;{}&#8221;][et_pb_column type=&#8221;4_4&#8243; _builder_version=&#8221;4.16&#8243; custom_padding=&#8221;|||&#8221; global_colors_info=&#8221;{}&#8221; custom_padding__hover=&#8221;|||&#8221;][et_pb_text admin_label=&#8221;Text&#8221; _builder_version=&#8221;4.22.1&#8243; background_size=&#8221;initial&#8221; background_position=&#8221;top_left&#8221; background_repeat=&#8221;repeat&#8221; global_colors_info=&#8221;{}&#8221;]<\/p>\n<p><strong>GENRE: <\/strong>History \/ Adventure<\/p>\n<p><strong>FORMAT: <\/strong>26 x 22 min, 2D\/3D-Animation<\/p>\n<p><strong>TARGET AUDIENCE:<\/strong> 6 &#8211; 12 Jahre<\/p>\n<p>[\/et_pb_text][\/et_pb_column][\/et_pb_row][\/et_pb_section]<\/p>\n","protected":false},"excerpt":{"rendered":"<p>AMELIA &#8211; FL\u00dcGEL DER FREIHEITEs ist das Jahr 1910: Frauen haben nichts zu sagen und junge M\u00e4dchen noch viel weniger. Und doch will Amelia (10) nur eins: Fliegen! Auf der Farm ihrer Gro\u00dfeltern in North Carolina hilft sie den Br\u00fcdern Wilbur und Orville Wright dabei, die ersten Flugzeuge der Welt zu konstruieren. Weil Amelia so [&hellip;]<\/p>\n","protected":false},"author":9,"featured_media":0,"parent":2408,"menu_order":0,"comment_status":"closed","ping_status":"closed","template":"","meta":{"_et_pb_use_builder":"on","_et_pb_old_content":"","_et_gb_content_width":"","footnotes":""},"yoast_head":"<!-- This site is optimized with the Yoast SEO plugin v21.1 - https:\/\/yoast.com\/wordpress\/plugins\/seo\/ -->\n<title>Amelia - Digedags<\/title>\n<meta name=\"robots\" content=\"index, follow, max-snippet:-1, max-image-preview:large, max-video-preview:-1\" \/>\n<link rel=\"canonical\" href=\"https:\/\/www.digedags-entertainment.com\/de\/projekte\/amelia\/\" \/>\n<meta property=\"og:locale\" content=\"de_DE\" \/>\n<meta property=\"og:type\" content=\"article\" \/>\n<meta property=\"og:title\" content=\"Amelia - Digedags\" \/>\n<meta property=\"og:url\" content=\"https:\/\/www.digedags-entertainment.com\/de\/projekte\/amelia\/\" \/>\n<meta property=\"og:site_name\" content=\"Digedags\" \/>\n<meta property=\"article:modified_time\" content=\"2023-11-24T07:17:53+00:00\" \/>\n<meta name=\"twitter:card\" content=\"summary_large_image\" \/>\n<meta name=\"twitter:label1\" content=\"Gesch\u00e4tzte Lesezeit\" \/>\n\t<meta name=\"twitter:data1\" content=\"2\u00a0Minuten\" \/>\n<script type=\"application\/ld+json\" class=\"yoast-schema-graph\">{\"@context\":\"https:\/\/schema.org\",\"@graph\":[{\"@type\":\"WebPage\",\"@id\":\"https:\/\/www.digedags-entertainment.com\/de\/projekte\/amelia\/\",\"url\":\"https:\/\/www.digedags-entertainment.com\/de\/projekte\/amelia\/\",\"name\":\"Amelia - Digedags\",\"isPartOf\":{\"@id\":\"https:\/\/www.digedags-entertainment.com\/de\/#website\"},\"datePublished\":\"2023-09-14T13:30:12+00:00\",\"dateModified\":\"2023-11-24T07:17:53+00:00\",\"breadcrumb\":{\"@id\":\"https:\/\/www.digedags-entertainment.com\/de\/projekte\/amelia\/#breadcrumb\"},\"inLanguage\":\"de\",\"potentialAction\":[{\"@type\":\"ReadAction\",\"target\":[\"https:\/\/www.digedags-entertainment.com\/de\/projekte\/amelia\/\"]}]},{\"@type\":\"BreadcrumbList\",\"@id\":\"https:\/\/www.digedags-entertainment.com\/de\/projekte\/amelia\/#breadcrumb\",\"itemListElement\":[{\"@type\":\"ListItem\",\"position\":1,\"name\":\"Startseite\",\"item\":\"https:\/\/www.digedags-entertainment.com\/de\/\"},{\"@type\":\"ListItem\",\"position\":2,\"name\":\"Projekte\",\"item\":\"https:\/\/www.digedags-entertainment.com\/de\/projekte\/\"},{\"@type\":\"ListItem\",\"position\":3,\"name\":\"Amelia\"}]},{\"@type\":\"WebSite\",\"@id\":\"https:\/\/www.digedags-entertainment.com\/de\/#website\",\"url\":\"https:\/\/www.digedags-entertainment.com\/de\/\",\"name\":\"Digedags\",\"description\":\"\",\"potentialAction\":[{\"@type\":\"SearchAction\",\"target\":{\"@type\":\"EntryPoint\",\"urlTemplate\":\"https:\/\/www.digedags-entertainment.com\/de\/?s={search_term_string}\"},\"query-input\":\"required name=search_term_string\"}],\"inLanguage\":\"de\"}]}<\/script>\n<!-- \/ Yoast SEO plugin. -->","yoast_head_json":{"title":"Amelia - Digedags","robots":{"index":"index","follow":"follow","max-snippet":"max-snippet:-1","max-image-preview":"max-image-preview:large","max-video-preview":"max-video-preview:-1"},"canonical":"https:\/\/www.digedags-entertainment.com\/de\/projekte\/amelia\/","og_locale":"de_DE","og_type":"article","og_title":"Amelia - Digedags","og_url":"https:\/\/www.digedags-entertainment.com\/de\/projekte\/amelia\/","og_site_name":"Digedags","article_modified_time":"2023-11-24T07:17:53+00:00","twitter_card":"summary_large_image","twitter_misc":{"Gesch\u00e4tzte Lesezeit":"2\u00a0Minuten"},"schema":{"@context":"https:\/\/schema.org","@graph":[{"@type":"WebPage","@id":"https:\/\/www.digedags-entertainment.com\/de\/projekte\/amelia\/","url":"https:\/\/www.digedags-entertainment.com\/de\/projekte\/amelia\/","name":"Amelia - Digedags","isPartOf":{"@id":"https:\/\/www.digedags-entertainment.com\/de\/#website"},"datePublished":"2023-09-14T13:30:12+00:00","dateModified":"2023-11-24T07:17:53+00:00","breadcrumb":{"@id":"https:\/\/www.digedags-entertainment.com\/de\/projekte\/amelia\/#breadcrumb"},"inLanguage":"de","potentialAction":[{"@type":"ReadAction","target":["https:\/\/www.digedags-entertainment.com\/de\/projekte\/amelia\/"]}]},{"@type":"BreadcrumbList","@id":"https:\/\/www.digedags-entertainment.com\/de\/projekte\/amelia\/#breadcrumb","itemListElement":[{"@type":"ListItem","position":1,"name":"Startseite","item":"https:\/\/www.digedags-entertainment.com\/de\/"},{"@type":"ListItem","position":2,"name":"Projekte","item":"https:\/\/www.digedags-entertainment.com\/de\/projekte\/"},{"@type":"ListItem","position":3,"name":"Amelia"}]},{"@type":"WebSite","@id":"https:\/\/www.digedags-entertainment.com\/de\/#website","url":"https:\/\/www.digedags-entertainment.com\/de\/","name":"Digedags","description":"","potentialAction":[{"@type":"SearchAction","target":{"@type":"EntryPoint","urlTemplate":"https:\/\/www.digedags-entertainment.com\/de\/?s={search_term_string}"},"query-input":"required name=search_term_string"}],"inLanguage":"de"}]}},"_links":{"self":[{"href":"https:\/\/www.digedags-entertainment.com\/de\/wp-json\/wp\/v2\/pages\/3373"}],"collection":[{"href":"https:\/\/www.digedags-entertainment.com\/de\/wp-json\/wp\/v2\/pages"}],"about":[{"href":"https:\/\/www.digedags-entertainment.com\/de\/wp-json\/wp\/v2\/types\/page"}],"author":[{"embeddable":true,"href":"https:\/\/www.digedags-entertainment.com\/de\/wp-json\/wp\/v2\/users\/9"}],"replies":[{"embeddable":true,"href":"https:\/\/www.digedags-entertainment.com\/de\/wp-json\/wp\/v2\/comments?post=3373"}],"version-history":[{"count":17,"href":"https:\/\/www.digedags-entertainment.com\/de\/wp-json\/wp\/v2\/pages\/3373\/revisions"}],"predecessor-version":[{"id":3908,"href":"https:\/\/www.digedags-entertainment.com\/de\/wp-json\/wp\/v2\/pages\/3373\/revisions\/3908"}],"up":[{"embeddable":true,"href":"https:\/\/www.digedags-entertainment.com\/de\/wp-json\/wp\/v2\/pages\/2408"}],"wp:attachment":[{"href":"https:\/\/www.digedags-entertainment.com\/de\/wp-json\/wp\/v2\/media?parent=3373"}],"curies":[{"name":"wp","href":"https:\/\/api.w.org\/{rel}","templated":true}]}}